{"id":12,"date":"2014-11-17T13:53:46","date_gmt":"2014-11-17T13:53:46","guid":{"rendered":"http:\/\/dicasdevalor.com.br\/valor\/home\/"},"modified":"2026-03-15T19:23:31","modified_gmt":"2026-03-15T19:23:31","slug":"home","status":"publish","type":"page","link":"https:\/\/valorvest.com.br\/index.php\/home\/","title":{"rendered":"Home"},"content":{"rendered":"<body><h4>TERCEIRIZA\u00c7\u00c3O\/OUTSOURSING<\/h4>\n<p class=\"text\">Atendimento a clientes nacionais e internacionais das mais diversas \u00e1reas de atua\u00e7\u00e3o. A VALORVEST \u00e9 especializada em administra\u00e7\u00e3o cont\u00e1bil, trabalhista e fiscal para empresas de todos os portes.<\/p>\n<p><a class=\"more-button\" href=\"#\">Saiba Mais<\/a><\/p>\n<h4>TREINAMENTOS<\/h4>\n<p class=\"text\">Prepara\u00e7\u00e3o e realiza\u00e7\u00e3o de cursos, semin\u00e1rios e workshops de acordo com as necessidades espec\u00edficas e ramo de atividade de cada empresa. Ministrados na pr\u00f3pria empresa ou em local selecionado pelo cliente.<\/p>\n<p><a class=\"more-button\" href=\"#\">Saiba Mais<\/a><\/p>\n<h4>COACHING<\/h4>\n<p class=\"text\">A valorvest atrav\u00e9s de seus profissionais atua no processo de coaching e busca aprimorar o desempenho das atividades, estrat\u00e9gias e capacidade das pessoas e empresas.<\/p>\n<p><a class=\"more-button\" href=\"http:\/\/dicasdevalor.com.br\/valor\/contato\/\">Saiba Mais <\/a><\/p>\n<h1>\u00c9tica, Transpar\u00eancia e Valores<\/h1>\n<h3>Define quem somos, guiam nossas a\u00e7\u00f5es e procedimentos.<\/h3>\n<p>Nossos \u00faltimos artigos.<\/p>\n<\/body>","protected":false},"excerpt":{"rendered":"<p>TERCEIRIZA\u00c7\u00c3O\/OUTSOURSING Atendimento a clientes nacionais e internacionais das mais diversas \u00e1reas de atua\u00e7\u00e3o. A VALORVEST \u00e9 especializada em administra\u00e7\u00e3o cont\u00e1bil, trabalhista e fiscal para empresas [&hellip;]<\/p>\n","protected":false},"author":1,"featured_media":0,"parent":0,"menu_order":0,"comment_status":"closed","ping_status":"closed","template":"","meta":{"footnotes":""},"class_list":["post-12","page","type-page","status-publish","hentry"],"yoast_head":"<!-- This site is optimized with the Yoast SEO plugin v19.8 - https:\/\/yoast.com\/wordpress\/plugins\/seo\/ -->\n<title>Home - Valorvest<\/title>\n<meta name=\"robots\" content=\"index, follow, max-snippet:-1, max-image-preview:large, max-video-preview:-1\" \/>\n<link rel=\"canonical\" href=\"https:\/\/valorvest.com.br\/index.php\/home\/\" \/>\n<meta property=\"og:locale\" content=\"en_US\" \/>\n<meta property=\"og:type\" content=\"article\" \/>\n<meta property=\"og:title\" content=\"Home - Valorvest\" \/>\n<meta property=\"og:description\" content=\"TERCEIRIZA\u00c7\u00c3O\/OUTSOURSING Atendimento a clientes nacionais e internacionais das mais diversas \u00e1reas de atua\u00e7\u00e3o. A VALORVEST \u00e9 especializada em administra\u00e7\u00e3o cont\u00e1bil, trabalhista e fiscal para empresas [&hellip;]\" \/>\n<meta property=\"og:url\" content=\"https:\/\/valorvest.com.br\/index.php\/home\/\" \/>\n<meta property=\"og:site_name\" content=\"Valorvest\" \/>\n<meta property=\"article:modified_time\" content=\"2026-03-15T19:23:31+00:00\" \/>\n<meta name=\"twitter:card\" content=\"summary_large_image\" \/>\n<meta name=\"twitter:label1\" content=\"Est. reading time\" \/>\n\t<meta name=\"twitter:data1\" content=\"1 minute\" \/>\n<script type=\"application\/ld+json\" class=\"yoast-schema-graph\">{\"@context\":\"https:\/\/schema.org\",\"@graph\":[{\"@type\":\"WebPage\",\"@id\":\"https:\/\/valorvest.com.br\/index.php\/home\/\",\"url\":\"https:\/\/valorvest.com.br\/index.php\/home\/\",\"name\":\"Home - Valorvest\",\"isPartOf\":{\"@id\":\"https:\/\/valorvest.com.br\/#website\"},\"datePublished\":\"2014-11-17T13:53:46+00:00\",\"dateModified\":\"2026-03-15T19:23:31+00:00\",\"breadcrumb\":{\"@id\":\"https:\/\/valorvest.com.br\/index.php\/home\/#breadcrumb\"},\"inLanguage\":\"en-US\",\"potentialAction\":[{\"@type\":\"ReadAction\",\"target\":[\"https:\/\/valorvest.com.br\/index.php\/home\/\"]}]},{\"@type\":\"BreadcrumbList\",\"@id\":\"https:\/\/valorvest.com.br\/index.php\/home\/#breadcrumb\",\"itemListElement\":[{\"@type\":\"ListItem\",\"position\":1,\"name\":\"Home\",\"item\":\"https:\/\/valorvest.com.br\/\"},{\"@type\":\"ListItem\",\"position\":2,\"name\":\"Home\"}]},{\"@type\":\"WebSite\",\"@id\":\"https:\/\/valorvest.com.br\/#website\",\"url\":\"https:\/\/valorvest.com.br\/\",\"name\":\"Valorvest\",\"description\":\"Brasil e Portugal\",\"potentialAction\":[{\"@type\":\"SearchAction\",\"target\":{\"@type\":\"EntryPoint\",\"urlTemplate\":\"https:\/\/valorvest.com.br\/?s={search_term_string}\"},\"query-input\":\"required name=search_term_string\"}],\"inLanguage\":\"en-US\"}]}<\/script>\n<!-- \/ Yoast SEO plugin. -->","yoast_head_json":{"title":"Home - Valorvest","robots":{"index":"index","follow":"follow","max-snippet":"max-snippet:-1","max-image-preview":"max-image-preview:large","max-video-preview":"max-video-preview:-1"},"canonical":"https:\/\/valorvest.com.br\/index.php\/home\/","og_locale":"en_US","og_type":"article","og_title":"Home - Valorvest","og_description":"TERCEIRIZA\u00c7\u00c3O\/OUTSOURSING Atendimento a clientes nacionais e internacionais das mais diversas \u00e1reas de atua\u00e7\u00e3o. A VALORVEST \u00e9 especializada em administra\u00e7\u00e3o cont\u00e1bil, trabalhista e fiscal para empresas [&hellip;]","og_url":"https:\/\/valorvest.com.br\/index.php\/home\/","og_site_name":"Valorvest","article_modified_time":"2026-03-15T19:23:31+00:00","twitter_card":"summary_large_image","twitter_misc":{"Est. reading time":"1 minute"},"schema":{"@context":"https:\/\/schema.org","@graph":[{"@type":"WebPage","@id":"https:\/\/valorvest.com.br\/index.php\/home\/","url":"https:\/\/valorvest.com.br\/index.php\/home\/","name":"Home - Valorvest","isPartOf":{"@id":"https:\/\/valorvest.com.br\/#website"},"datePublished":"2014-11-17T13:53:46+00:00","dateModified":"2026-03-15T19:23:31+00:00","breadcrumb":{"@id":"https:\/\/valorvest.com.br\/index.php\/home\/#breadcrumb"},"inLanguage":"en-US","potentialAction":[{"@type":"ReadAction","target":["https:\/\/valorvest.com.br\/index.php\/home\/"]}]},{"@type":"BreadcrumbList","@id":"https:\/\/valorvest.com.br\/index.php\/home\/#breadcrumb","itemListElement":[{"@type":"ListItem","position":1,"name":"Home","item":"https:\/\/valorvest.com.br\/"},{"@type":"ListItem","position":2,"name":"Home"}]},{"@type":"WebSite","@id":"https:\/\/valorvest.com.br\/#website","url":"https:\/\/valorvest.com.br\/","name":"Valorvest","description":"Brasil e Portugal","potentialAction":[{"@type":"SearchAction","target":{"@type":"EntryPoint","urlTemplate":"https:\/\/valorvest.com.br\/?s={search_term_string}"},"query-input":"required name=search_term_string"}],"inLanguage":"en-US"}]}},"_links":{"self":[{"href":"https:\/\/valorvest.com.br\/index.php\/wp-json\/wp\/v2\/pages\/12","targetHints":{"allow":["GET"]}}],"collection":[{"href":"https:\/\/valorvest.com.br\/index.php\/wp-json\/wp\/v2\/pages"}],"about":[{"href":"https:\/\/valorvest.com.br\/index.php\/wp-json\/wp\/v2\/types\/page"}],"author":[{"embeddable":true,"href":"https:\/\/valorvest.com.br\/index.php\/wp-json\/wp\/v2\/users\/1"}],"replies":[{"embeddable":true,"href":"https:\/\/valorvest.com.br\/index.php\/wp-json\/wp\/v2\/comments?post=12"}],"version-history":[{"count":2,"href":"https:\/\/valorvest.com.br\/index.php\/wp-json\/wp\/v2\/pages\/12\/revisions"}],"predecessor-version":[{"id":286,"href":"https:\/\/valorvest.com.br\/index.php\/wp-json\/wp\/v2\/pages\/12\/revisions\/286"}],"wp:attachment":[{"href":"https:\/\/valorvest.com.br\/index.php\/wp-json\/wp\/v2\/media?parent=12"}],"curies":[{"name":"wp","href":"https:\/\/api.w.org\/{rel}","templated":true}]}}