{"id":178,"date":"2015-05-28T19:55:50","date_gmt":"2015-05-28T19:55:50","guid":{"rendered":"http:\/\/dicasdevalor.com.br\/valor\/?page_id=178"},"modified":"2015-05-28T19:55:50","modified_gmt":"2015-05-28T19:55:50","slug":"o-que-e-coaching","status":"publish","type":"page","link":"https:\/\/valorvest.com.br\/index.php\/coaching\/o-que-e-coaching\/","title":{"rendered":"O que \u00e9 Coaching?"},"content":{"rendered":"<body><p>Coaching \u00e9 um processo que visa a mudan\u00e7a de comportamentos e estrat\u00e9gia para a realiza\u00e7\u00e3o de seus objetivos, al\u00e9m da melhoria de performance em \u00e1reas espec\u00edficas.<\/p>\n<p>Pessoal ou profissional, o desejo ou necessidade de realizar algo \u00e9 necess\u00e1rio, as vezes frustrante se voc\u00ea n\u00e3o tiver a motiva\u00e7\u00e3o, estrat\u00e9gia e ferramentas necess\u00e1rias para agir<strong>.<\/strong> Voc\u00ea sabe que tem potencial para realizar mais, mas falta alguma algo para isso acontecer.<\/p>\n<p>Organiza\u00e7\u00e3o de agenda e desenvolvimento de compet\u00eancias, atrelados \u00e0 cren\u00e7as e valores fazem a diferen\u00e7a nos resultados desejados.<\/p>\n<p>A metodologia do Coaching\u00a0tem valida\u00e7\u00e3o cient\u00edfica e efici\u00eancia comprovada, e isso \u00e9 poss\u00edvel com a ajuda do coach (profissional) que conduz o processo e domina as t\u00e9cnicas necess\u00e1rias.<\/p>\n<\/body>","protected":false},"excerpt":{"rendered":"<p>Coaching \u00e9 um processo que visa a mudan\u00e7a de comportamentos e estrat\u00e9gia para a realiza\u00e7\u00e3o de seus objetivos, al\u00e9m da melhoria de performance em \u00e1reas [&hellip;]<\/p>\n","protected":false},"author":1,"featured_media":0,"parent":28,"menu_order":0,"comment_status":"closed","ping_status":"closed","template":"","meta":{"footnotes":""},"class_list":["post-178","page","type-page","status-publish","hentry"],"yoast_head":"<!-- This site is optimized with the Yoast SEO plugin v19.8 - https:\/\/yoast.com\/wordpress\/plugins\/seo\/ -->\n<title>O que \u00e9 Coaching? - Valorvest<\/title>\n<meta name=\"robots\" content=\"index, follow, max-snippet:-1, max-image-preview:large, max-video-preview:-1\" \/>\n<link rel=\"canonical\" href=\"https:\/\/valorvest.com.br\/index.php\/coaching\/o-que-e-coaching\/\" \/>\n<meta property=\"og:locale\" content=\"en_US\" \/>\n<meta property=\"og:type\" content=\"article\" \/>\n<meta property=\"og:title\" content=\"O que \u00e9 Coaching? - Valorvest\" \/>\n<meta property=\"og:description\" content=\"Coaching \u00e9 um processo que visa a mudan\u00e7a de comportamentos e estrat\u00e9gia para a realiza\u00e7\u00e3o de seus objetivos, al\u00e9m da melhoria de performance em \u00e1reas [&hellip;]\" \/>\n<meta property=\"og:url\" content=\"https:\/\/valorvest.com.br\/index.php\/coaching\/o-que-e-coaching\/\" \/>\n<meta property=\"og:site_name\" content=\"Valorvest\" \/>\n<meta name=\"twitter:card\" content=\"summary_large_image\" \/>\n<meta name=\"twitter:label1\" content=\"Est. reading time\" \/>\n\t<meta name=\"twitter:data1\" content=\"1 minute\" \/>\n<script type=\"application\/ld+json\" class=\"yoast-schema-graph\">{\"@context\":\"https:\/\/schema.org\",\"@graph\":[{\"@type\":\"WebPage\",\"@id\":\"https:\/\/valorvest.com.br\/index.php\/coaching\/o-que-e-coaching\/\",\"url\":\"https:\/\/valorvest.com.br\/index.php\/coaching\/o-que-e-coaching\/\",\"name\":\"O que \u00e9 Coaching? - Valorvest\",\"isPartOf\":{\"@id\":\"https:\/\/valorvest.com.br\/#website\"},\"datePublished\":\"2015-05-28T19:55:50+00:00\",\"dateModified\":\"2015-05-28T19:55:50+00:00\",\"breadcrumb\":{\"@id\":\"https:\/\/valorvest.com.br\/index.php\/coaching\/o-que-e-coaching\/#breadcrumb\"},\"inLanguage\":\"en-US\",\"potentialAction\":[{\"@type\":\"ReadAction\",\"target\":[\"https:\/\/valorvest.com.br\/index.php\/coaching\/o-que-e-coaching\/\"]}]},{\"@type\":\"BreadcrumbList\",\"@id\":\"https:\/\/valorvest.com.br\/index.php\/coaching\/o-que-e-coaching\/#breadcrumb\",\"itemListElement\":[{\"@type\":\"ListItem\",\"position\":1,\"name\":\"Home\",\"item\":\"https:\/\/valorvest.com.br\/\"},{\"@type\":\"ListItem\",\"position\":2,\"name\":\"Coaching\",\"item\":\"https:\/\/valorvest.com.br\/index.php\/coaching\/\"},{\"@type\":\"ListItem\",\"position\":3,\"name\":\"O que \u00e9 Coaching?\"}]},{\"@type\":\"WebSite\",\"@id\":\"https:\/\/valorvest.com.br\/#website\",\"url\":\"https:\/\/valorvest.com.br\/\",\"name\":\"Valorvest\",\"description\":\"Brasil e Portugal\",\"potentialAction\":[{\"@type\":\"SearchAction\",\"target\":{\"@type\":\"EntryPoint\",\"urlTemplate\":\"https:\/\/valorvest.com.br\/?s={search_term_string}\"},\"query-input\":\"required name=search_term_string\"}],\"inLanguage\":\"en-US\"}]}<\/script>\n<!-- \/ Yoast SEO plugin. -->","yoast_head_json":{"title":"O que \u00e9 Coaching? - Valorvest","robots":{"index":"index","follow":"follow","max-snippet":"max-snippet:-1","max-image-preview":"max-image-preview:large","max-video-preview":"max-video-preview:-1"},"canonical":"https:\/\/valorvest.com.br\/index.php\/coaching\/o-que-e-coaching\/","og_locale":"en_US","og_type":"article","og_title":"O que \u00e9 Coaching? - Valorvest","og_description":"Coaching \u00e9 um processo que visa a mudan\u00e7a de comportamentos e estrat\u00e9gia para a realiza\u00e7\u00e3o de seus objetivos, al\u00e9m da melhoria de performance em \u00e1reas [&hellip;]","og_url":"https:\/\/valorvest.com.br\/index.php\/coaching\/o-que-e-coaching\/","og_site_name":"Valorvest","twitter_card":"summary_large_image","twitter_misc":{"Est. reading time":"1 minute"},"schema":{"@context":"https:\/\/schema.org","@graph":[{"@type":"WebPage","@id":"https:\/\/valorvest.com.br\/index.php\/coaching\/o-que-e-coaching\/","url":"https:\/\/valorvest.com.br\/index.php\/coaching\/o-que-e-coaching\/","name":"O que \u00e9 Coaching? - Valorvest","isPartOf":{"@id":"https:\/\/valorvest.com.br\/#website"},"datePublished":"2015-05-28T19:55:50+00:00","dateModified":"2015-05-28T19:55:50+00:00","breadcrumb":{"@id":"https:\/\/valorvest.com.br\/index.php\/coaching\/o-que-e-coaching\/#breadcrumb"},"inLanguage":"en-US","potentialAction":[{"@type":"ReadAction","target":["https:\/\/valorvest.com.br\/index.php\/coaching\/o-que-e-coaching\/"]}]},{"@type":"BreadcrumbList","@id":"https:\/\/valorvest.com.br\/index.php\/coaching\/o-que-e-coaching\/#breadcrumb","itemListElement":[{"@type":"ListItem","position":1,"name":"Home","item":"https:\/\/valorvest.com.br\/"},{"@type":"ListItem","position":2,"name":"Coaching","item":"https:\/\/valorvest.com.br\/index.php\/coaching\/"},{"@type":"ListItem","position":3,"name":"O que \u00e9 Coaching?"}]},{"@type":"WebSite","@id":"https:\/\/valorvest.com.br\/#website","url":"https:\/\/valorvest.com.br\/","name":"Valorvest","description":"Brasil e Portugal","potentialAction":[{"@type":"SearchAction","target":{"@type":"EntryPoint","urlTemplate":"https:\/\/valorvest.com.br\/?s={search_term_string}"},"query-input":"required name=search_term_string"}],"inLanguage":"en-US"}]}},"_links":{"self":[{"href":"https:\/\/valorvest.com.br\/index.php\/wp-json\/wp\/v2\/pages\/178","targetHints":{"allow":["GET"]}}],"collection":[{"href":"https:\/\/valorvest.com.br\/index.php\/wp-json\/wp\/v2\/pages"}],"about":[{"href":"https:\/\/valorvest.com.br\/index.php\/wp-json\/wp\/v2\/types\/page"}],"author":[{"embeddable":true,"href":"https:\/\/valorvest.com.br\/index.php\/wp-json\/wp\/v2\/users\/1"}],"replies":[{"embeddable":true,"href":"https:\/\/valorvest.com.br\/index.php\/wp-json\/wp\/v2\/comments?post=178"}],"version-history":[{"count":0,"href":"https:\/\/valorvest.com.br\/index.php\/wp-json\/wp\/v2\/pages\/178\/revisions"}],"up":[{"embeddable":true,"href":"https:\/\/valorvest.com.br\/index.php\/wp-json\/wp\/v2\/pages\/28"}],"wp:attachment":[{"href":"https:\/\/valorvest.com.br\/index.php\/wp-json\/wp\/v2\/media?parent=178"}],"curies":[{"name":"wp","href":"https:\/\/api.w.org\/{rel}","templated":true}]}}