{"id":182,"date":"2015-05-28T20:08:56","date_gmt":"2015-05-28T20:08:56","guid":{"rendered":"http:\/\/dicasdevalor.com.br\/valor\/?page_id=182"},"modified":"2015-05-28T20:08:56","modified_gmt":"2015-05-28T20:08:56","slug":"coaching-executivo","status":"publish","type":"page","link":"https:\/\/valorvest.com.br\/index.php\/coaching\/coaching-executivo\/","title":{"rendered":"Coaching Executivo"},"content":{"rendered":"<body><p>A <strong>VALORVEST<\/strong> mant\u00e9m equipe especializada nos servi\u00e7os de coaching executivo atuado no desenvolvimento de habilidades para <strong>executivos de alta performance<\/strong>, potencializando seus pontos fortes e fazendo com que ele aumentem os resultados dentro da organiza\u00e7\u00e3o. Tem como objetivo identificar, transformar e\/ou aprimorar potencial em sucesso atuando nas compet\u00eancias do profissional para alavancar seus resultados.<\/p>\n<p>Espec\u00edfico para profissionais que desejam aumentar o seu rendimento e, atrav\u00e9s do seu trabalho, destacar-se ou fazer a diferen\u00e7a nos cen\u00e1rios que j\u00e1 atuam.<\/p>\n<p><strong>O que o profissional ganha<\/strong><\/p>\n<ul>\n<li>Identifica\u00e7\u00e3o de metas;<\/li>\n<li>Desenvolvimento de habilidades necess\u00e1rias para melhorar seu desempenho;<\/li>\n<li>Aperfei\u00e7oamento no exerc\u00edcio de lideran\u00e7a;<\/li>\n<li>Foco estrat\u00e9gico;<\/li>\n<li>Satisfa\u00e7\u00e3o no trabalho;<\/li>\n<li>Felicidade enquanto profissional;<\/li>\n<li>Alinhamento de valores profissionais com valores pessoais;<\/li>\n<li>Habilidade para mudar frente as transforma\u00e7\u00f5es do ambiente;<\/li>\n<li>Aumento da efic\u00e1cia do trabalho em equipe.<\/li>\n<li><strong>Indicado quando se deseja<\/strong><\/li>\n<\/ul>\n<ul>\n<li>Desenvolver lideran\u00e7a;<\/li>\n<li>Promover e estimular mudan\u00e7as no comportamento;<\/li>\n<li>Aumentar produtividade;<\/li>\n<li>Desenvolver intelig\u00eancia emocional;<\/li>\n<li>Melhorar relacionamento interpessoal;<\/li>\n<li>Lidar positivamente com adversidades;<\/li>\n<li>Transformar ambiente ca\u00f3tico em ambiente produtivo;<\/li>\n<li>Gerar maior comprometimento na busca dos resultados.<\/li>\n<\/ul>\n<\/body>","protected":false},"excerpt":{"rendered":"<p>A VALORVEST mant\u00e9m equipe especializada nos servi\u00e7os de coaching executivo atuado no desenvolvimento de habilidades para executivos de alta performance, potencializando seus pontos fortes e [&hellip;]<\/p>\n","protected":false},"author":1,"featured_media":0,"parent":28,"menu_order":0,"comment_status":"closed","ping_status":"closed","template":"","meta":{"footnotes":""},"class_list":["post-182","page","type-page","status-publish","hentry"],"yoast_head":"<!-- This site is optimized with the Yoast SEO plugin v19.8 - https:\/\/yoast.com\/wordpress\/plugins\/seo\/ -->\n<title>Coaching Executivo - Valorvest<\/title>\n<meta name=\"robots\" content=\"index, follow, max-snippet:-1, max-image-preview:large, max-video-preview:-1\" \/>\n<link rel=\"canonical\" href=\"https:\/\/valorvest.com.br\/index.php\/coaching\/coaching-executivo\/\" \/>\n<meta property=\"og:locale\" content=\"en_US\" \/>\n<meta property=\"og:type\" content=\"article\" \/>\n<meta property=\"og:title\" content=\"Coaching Executivo - Valorvest\" \/>\n<meta property=\"og:description\" content=\"A VALORVEST mant\u00e9m equipe especializada nos servi\u00e7os de coaching executivo atuado no desenvolvimento de habilidades para executivos de alta performance, potencializando seus pontos fortes e [&hellip;]\" \/>\n<meta property=\"og:url\" content=\"https:\/\/valorvest.com.br\/index.php\/coaching\/coaching-executivo\/\" \/>\n<meta property=\"og:site_name\" content=\"Valorvest\" \/>\n<meta name=\"twitter:card\" content=\"summary_large_image\" \/>\n<meta name=\"twitter:label1\" content=\"Est. reading time\" \/>\n\t<meta name=\"twitter:data1\" content=\"1 minute\" \/>\n<script type=\"application\/ld+json\" class=\"yoast-schema-graph\">{\"@context\":\"https:\/\/schema.org\",\"@graph\":[{\"@type\":\"WebPage\",\"@id\":\"https:\/\/valorvest.com.br\/index.php\/coaching\/coaching-executivo\/\",\"url\":\"https:\/\/valorvest.com.br\/index.php\/coaching\/coaching-executivo\/\",\"name\":\"Coaching Executivo - Valorvest\",\"isPartOf\":{\"@id\":\"https:\/\/valorvest.com.br\/#website\"},\"datePublished\":\"2015-05-28T20:08:56+00:00\",\"dateModified\":\"2015-05-28T20:08:56+00:00\",\"breadcrumb\":{\"@id\":\"https:\/\/valorvest.com.br\/index.php\/coaching\/coaching-executivo\/#breadcrumb\"},\"inLanguage\":\"en-US\",\"potentialAction\":[{\"@type\":\"ReadAction\",\"target\":[\"https:\/\/valorvest.com.br\/index.php\/coaching\/coaching-executivo\/\"]}]},{\"@type\":\"BreadcrumbList\",\"@id\":\"https:\/\/valorvest.com.br\/index.php\/coaching\/coaching-executivo\/#breadcrumb\",\"itemListElement\":[{\"@type\":\"ListItem\",\"position\":1,\"name\":\"Home\",\"item\":\"https:\/\/valorvest.com.br\/\"},{\"@type\":\"ListItem\",\"position\":2,\"name\":\"Coaching\",\"item\":\"https:\/\/valorvest.com.br\/index.php\/coaching\/\"},{\"@type\":\"ListItem\",\"position\":3,\"name\":\"Coaching Executivo\"}]},{\"@type\":\"WebSite\",\"@id\":\"https:\/\/valorvest.com.br\/#website\",\"url\":\"https:\/\/valorvest.com.br\/\",\"name\":\"Valorvest\",\"description\":\"Brasil e Portugal\",\"potentialAction\":[{\"@type\":\"SearchAction\",\"target\":{\"@type\":\"EntryPoint\",\"urlTemplate\":\"https:\/\/valorvest.com.br\/?s={search_term_string}\"},\"query-input\":\"required name=search_term_string\"}],\"inLanguage\":\"en-US\"}]}<\/script>\n<!-- \/ Yoast SEO plugin. -->","yoast_head_json":{"title":"Coaching Executivo - Valorvest","robots":{"index":"index","follow":"follow","max-snippet":"max-snippet:-1","max-image-preview":"max-image-preview:large","max-video-preview":"max-video-preview:-1"},"canonical":"https:\/\/valorvest.com.br\/index.php\/coaching\/coaching-executivo\/","og_locale":"en_US","og_type":"article","og_title":"Coaching Executivo - Valorvest","og_description":"A VALORVEST mant\u00e9m equipe especializada nos servi\u00e7os de coaching executivo atuado no desenvolvimento de habilidades para executivos de alta performance, potencializando seus pontos fortes e [&hellip;]","og_url":"https:\/\/valorvest.com.br\/index.php\/coaching\/coaching-executivo\/","og_site_name":"Valorvest","twitter_card":"summary_large_image","twitter_misc":{"Est. reading time":"1 minute"},"schema":{"@context":"https:\/\/schema.org","@graph":[{"@type":"WebPage","@id":"https:\/\/valorvest.com.br\/index.php\/coaching\/coaching-executivo\/","url":"https:\/\/valorvest.com.br\/index.php\/coaching\/coaching-executivo\/","name":"Coaching Executivo - Valorvest","isPartOf":{"@id":"https:\/\/valorvest.com.br\/#website"},"datePublished":"2015-05-28T20:08:56+00:00","dateModified":"2015-05-28T20:08:56+00:00","breadcrumb":{"@id":"https:\/\/valorvest.com.br\/index.php\/coaching\/coaching-executivo\/#breadcrumb"},"inLanguage":"en-US","potentialAction":[{"@type":"ReadAction","target":["https:\/\/valorvest.com.br\/index.php\/coaching\/coaching-executivo\/"]}]},{"@type":"BreadcrumbList","@id":"https:\/\/valorvest.com.br\/index.php\/coaching\/coaching-executivo\/#breadcrumb","itemListElement":[{"@type":"ListItem","position":1,"name":"Home","item":"https:\/\/valorvest.com.br\/"},{"@type":"ListItem","position":2,"name":"Coaching","item":"https:\/\/valorvest.com.br\/index.php\/coaching\/"},{"@type":"ListItem","position":3,"name":"Coaching Executivo"}]},{"@type":"WebSite","@id":"https:\/\/valorvest.com.br\/#website","url":"https:\/\/valorvest.com.br\/","name":"Valorvest","description":"Brasil e Portugal","potentialAction":[{"@type":"SearchAction","target":{"@type":"EntryPoint","urlTemplate":"https:\/\/valorvest.com.br\/?s={search_term_string}"},"query-input":"required name=search_term_string"}],"inLanguage":"en-US"}]}},"_links":{"self":[{"href":"https:\/\/valorvest.com.br\/index.php\/wp-json\/wp\/v2\/pages\/182","targetHints":{"allow":["GET"]}}],"collection":[{"href":"https:\/\/valorvest.com.br\/index.php\/wp-json\/wp\/v2\/pages"}],"about":[{"href":"https:\/\/valorvest.com.br\/index.php\/wp-json\/wp\/v2\/types\/page"}],"author":[{"embeddable":true,"href":"https:\/\/valorvest.com.br\/index.php\/wp-json\/wp\/v2\/users\/1"}],"replies":[{"embeddable":true,"href":"https:\/\/valorvest.com.br\/index.php\/wp-json\/wp\/v2\/comments?post=182"}],"version-history":[{"count":0,"href":"https:\/\/valorvest.com.br\/index.php\/wp-json\/wp\/v2\/pages\/182\/revisions"}],"up":[{"embeddable":true,"href":"https:\/\/valorvest.com.br\/index.php\/wp-json\/wp\/v2\/pages\/28"}],"wp:attachment":[{"href":"https:\/\/valorvest.com.br\/index.php\/wp-json\/wp\/v2\/media?parent=182"}],"curies":[{"name":"wp","href":"https:\/\/api.w.org\/{rel}","templated":true}]}}