{"id":184,"date":"2015-05-28T20:12:35","date_gmt":"2015-05-28T20:12:35","guid":{"rendered":"http:\/\/dicasdevalor.com.br\/valor\/?page_id=184"},"modified":"2015-05-28T20:12:35","modified_gmt":"2015-05-28T20:12:35","slug":"coaching-de-negocios","status":"publish","type":"page","link":"https:\/\/valorvest.com.br\/index.php\/coaching\/coaching-de-negocios\/","title":{"rendered":"Coaching de Neg\u00f3cios"},"content":{"rendered":"<body><p>O <strong>Coaching de Neg\u00f3cios<\/strong> \u00e9 o processo que busca elevar o desempenho de um neg\u00f3cio e \/ou gerar mudan\u00e7as relevantes. Tem como finalidade (re)educar empres\u00e1rios e empreendedores e assim alavancar seu neg\u00f3cio a partir do desenvolvimento de compet\u00eancias empreendedoras e do desenvolvimento de estrat\u00e9gias e planos de neg\u00f3cios eficientes.<\/p>\n<p>Ideal para empreendedores e os pequenos e m\u00e9dios empres\u00e1rios que est\u00e3o buscando maximizar seus resultados ou ainda identificar oportunidades.<\/p>\n<p>A <strong>VALORVEST<\/strong> atua em Coaching de Neg\u00f3cios trabalhando com Empreendedores, Empres\u00e1rios ou Executivos que necessitam desenvolver seus projetos planejando, capacitando o cliente a encontrar estrat\u00e9gias, alternativas que sozinho tornaria mais oneroso, demorado e que na maioria das vezes a tomada de decis\u00e3o \u00e9 solit\u00e1ria. A ideia \u00e9 orientar para perceber as necessidades de melhoria e as oportunidades e assim estabelecer planos de a\u00e7\u00e3o e mensura\u00e7\u00e3o de resultados.<\/p>\n<\/body>","protected":false},"excerpt":{"rendered":"<p>O Coaching de Neg\u00f3cios \u00e9 o processo que busca elevar o desempenho de um neg\u00f3cio e \/ou gerar mudan\u00e7as relevantes. Tem como finalidade (re)educar empres\u00e1rios [&hellip;]<\/p>\n","protected":false},"author":1,"featured_media":0,"parent":28,"menu_order":0,"comment_status":"closed","ping_status":"closed","template":"","meta":{"footnotes":""},"class_list":["post-184","page","type-page","status-publish","hentry"],"yoast_head":"<!-- This site is optimized with the Yoast SEO plugin v19.8 - https:\/\/yoast.com\/wordpress\/plugins\/seo\/ -->\n<title>Coaching de Neg\u00f3cios - Valorvest<\/title>\n<meta name=\"robots\" content=\"index, follow, max-snippet:-1, max-image-preview:large, max-video-preview:-1\" \/>\n<link rel=\"canonical\" href=\"https:\/\/valorvest.com.br\/index.php\/coaching\/coaching-de-negocios\/\" \/>\n<meta property=\"og:locale\" content=\"en_US\" \/>\n<meta property=\"og:type\" content=\"article\" \/>\n<meta property=\"og:title\" content=\"Coaching de Neg\u00f3cios - Valorvest\" \/>\n<meta property=\"og:description\" content=\"O Coaching de Neg\u00f3cios \u00e9 o processo que busca elevar o desempenho de um neg\u00f3cio e \/ou gerar mudan\u00e7as relevantes. Tem como finalidade (re)educar empres\u00e1rios [&hellip;]\" \/>\n<meta property=\"og:url\" content=\"https:\/\/valorvest.com.br\/index.php\/coaching\/coaching-de-negocios\/\" \/>\n<meta property=\"og:site_name\" content=\"Valorvest\" \/>\n<meta name=\"twitter:card\" content=\"summary_large_image\" \/>\n<meta name=\"twitter:label1\" content=\"Est. reading time\" \/>\n\t<meta name=\"twitter:data1\" content=\"1 minute\" \/>\n<script type=\"application\/ld+json\" class=\"yoast-schema-graph\">{\"@context\":\"https:\/\/schema.org\",\"@graph\":[{\"@type\":\"WebPage\",\"@id\":\"https:\/\/valorvest.com.br\/index.php\/coaching\/coaching-de-negocios\/\",\"url\":\"https:\/\/valorvest.com.br\/index.php\/coaching\/coaching-de-negocios\/\",\"name\":\"Coaching de Neg\u00f3cios - Valorvest\",\"isPartOf\":{\"@id\":\"https:\/\/valorvest.com.br\/#website\"},\"datePublished\":\"2015-05-28T20:12:35+00:00\",\"dateModified\":\"2015-05-28T20:12:35+00:00\",\"breadcrumb\":{\"@id\":\"https:\/\/valorvest.com.br\/index.php\/coaching\/coaching-de-negocios\/#breadcrumb\"},\"inLanguage\":\"en-US\",\"potentialAction\":[{\"@type\":\"ReadAction\",\"target\":[\"https:\/\/valorvest.com.br\/index.php\/coaching\/coaching-de-negocios\/\"]}]},{\"@type\":\"BreadcrumbList\",\"@id\":\"https:\/\/valorvest.com.br\/index.php\/coaching\/coaching-de-negocios\/#breadcrumb\",\"itemListElement\":[{\"@type\":\"ListItem\",\"position\":1,\"name\":\"Home\",\"item\":\"https:\/\/valorvest.com.br\/\"},{\"@type\":\"ListItem\",\"position\":2,\"name\":\"Coaching\",\"item\":\"https:\/\/valorvest.com.br\/index.php\/coaching\/\"},{\"@type\":\"ListItem\",\"position\":3,\"name\":\"Coaching de Neg\u00f3cios\"}]},{\"@type\":\"WebSite\",\"@id\":\"https:\/\/valorvest.com.br\/#website\",\"url\":\"https:\/\/valorvest.com.br\/\",\"name\":\"Valorvest\",\"description\":\"Brasil e Portugal\",\"potentialAction\":[{\"@type\":\"SearchAction\",\"target\":{\"@type\":\"EntryPoint\",\"urlTemplate\":\"https:\/\/valorvest.com.br\/?s={search_term_string}\"},\"query-input\":\"required name=search_term_string\"}],\"inLanguage\":\"en-US\"}]}<\/script>\n<!-- \/ Yoast SEO plugin. -->","yoast_head_json":{"title":"Coaching de Neg\u00f3cios - Valorvest","robots":{"index":"index","follow":"follow","max-snippet":"max-snippet:-1","max-image-preview":"max-image-preview:large","max-video-preview":"max-video-preview:-1"},"canonical":"https:\/\/valorvest.com.br\/index.php\/coaching\/coaching-de-negocios\/","og_locale":"en_US","og_type":"article","og_title":"Coaching de Neg\u00f3cios - Valorvest","og_description":"O Coaching de Neg\u00f3cios \u00e9 o processo que busca elevar o desempenho de um neg\u00f3cio e \/ou gerar mudan\u00e7as relevantes. Tem como finalidade (re)educar empres\u00e1rios [&hellip;]","og_url":"https:\/\/valorvest.com.br\/index.php\/coaching\/coaching-de-negocios\/","og_site_name":"Valorvest","twitter_card":"summary_large_image","twitter_misc":{"Est. reading time":"1 minute"},"schema":{"@context":"https:\/\/schema.org","@graph":[{"@type":"WebPage","@id":"https:\/\/valorvest.com.br\/index.php\/coaching\/coaching-de-negocios\/","url":"https:\/\/valorvest.com.br\/index.php\/coaching\/coaching-de-negocios\/","name":"Coaching de Neg\u00f3cios - Valorvest","isPartOf":{"@id":"https:\/\/valorvest.com.br\/#website"},"datePublished":"2015-05-28T20:12:35+00:00","dateModified":"2015-05-28T20:12:35+00:00","breadcrumb":{"@id":"https:\/\/valorvest.com.br\/index.php\/coaching\/coaching-de-negocios\/#breadcrumb"},"inLanguage":"en-US","potentialAction":[{"@type":"ReadAction","target":["https:\/\/valorvest.com.br\/index.php\/coaching\/coaching-de-negocios\/"]}]},{"@type":"BreadcrumbList","@id":"https:\/\/valorvest.com.br\/index.php\/coaching\/coaching-de-negocios\/#breadcrumb","itemListElement":[{"@type":"ListItem","position":1,"name":"Home","item":"https:\/\/valorvest.com.br\/"},{"@type":"ListItem","position":2,"name":"Coaching","item":"https:\/\/valorvest.com.br\/index.php\/coaching\/"},{"@type":"ListItem","position":3,"name":"Coaching de Neg\u00f3cios"}]},{"@type":"WebSite","@id":"https:\/\/valorvest.com.br\/#website","url":"https:\/\/valorvest.com.br\/","name":"Valorvest","description":"Brasil e Portugal","potentialAction":[{"@type":"SearchAction","target":{"@type":"EntryPoint","urlTemplate":"https:\/\/valorvest.com.br\/?s={search_term_string}"},"query-input":"required name=search_term_string"}],"inLanguage":"en-US"}]}},"_links":{"self":[{"href":"https:\/\/valorvest.com.br\/index.php\/wp-json\/wp\/v2\/pages\/184","targetHints":{"allow":["GET"]}}],"collection":[{"href":"https:\/\/valorvest.com.br\/index.php\/wp-json\/wp\/v2\/pages"}],"about":[{"href":"https:\/\/valorvest.com.br\/index.php\/wp-json\/wp\/v2\/types\/page"}],"author":[{"embeddable":true,"href":"https:\/\/valorvest.com.br\/index.php\/wp-json\/wp\/v2\/users\/1"}],"replies":[{"embeddable":true,"href":"https:\/\/valorvest.com.br\/index.php\/wp-json\/wp\/v2\/comments?post=184"}],"version-history":[{"count":0,"href":"https:\/\/valorvest.com.br\/index.php\/wp-json\/wp\/v2\/pages\/184\/revisions"}],"up":[{"embeddable":true,"href":"https:\/\/valorvest.com.br\/index.php\/wp-json\/wp\/v2\/pages\/28"}],"wp:attachment":[{"href":"https:\/\/valorvest.com.br\/index.php\/wp-json\/wp\/v2\/media?parent=184"}],"curies":[{"name":"wp","href":"https:\/\/api.w.org\/{rel}","templated":true}]}}