{"id":198,"date":"2015-06-01T18:02:37","date_gmt":"2015-06-01T18:02:37","guid":{"rendered":"http:\/\/dicasdevalor.com.br\/valor\/?page_id=198"},"modified":"2015-06-01T18:02:37","modified_gmt":"2015-06-01T18:02:37","slug":"coaching-de-vida","status":"publish","type":"page","link":"https:\/\/valorvest.com.br\/index.php\/coaching\/coaching-de-vida\/","title":{"rendered":"Coaching de Vida"},"content":{"rendered":"<body><p>Ou (Life Coaching)\u00a0\u00e9 orientando para a vida pessoal, aspectos como relacionamentos, planejamento, motiva\u00e7\u00e3o, comunica\u00e7\u00e3o, fam\u00edlia, auto-desenvolvimento, alcance de metas, motiva\u00e7\u00e3o, estresse, e outros\u2026<\/p>\n<p>O processo de Coaching de Vida \u00e9 ideal para pessoas que estejam decididas a avan\u00e7ar no aprimoramento pessoal ou profissional.<\/p>\n<p>Para aqueles que desejam ampliar seus resultados ou empenhados em dar um novo rumo \u00e0 sua vida.<\/p>\n<p>O Coaching de Vida proporciona identificar a forma como pensamos e ap\u00f3ia no sentido de esclarecer os \u201cpontos-cegos\u201d. Esse esclarecimento possibilita escolhas mais adequadas e relevantes aos objetivos e valores, impulsionando sua evolu\u00e7\u00e3o. O processo conta com uma base s\u00f3lida, material rico e individualizado para a reflex\u00e3o e apropria\u00e7\u00e3o de for\u00e7as e recursos.<\/p>\n<p><strong>Benef\u00edcios<\/strong><\/p>\n<ul>\n<li>(Re)descoberta de possibilidades de a\u00e7\u00e3o em todos os \u00e2mbitos da exist\u00eancia;<\/li>\n<li>Aprimoramento e atualiza\u00e7\u00e3o pessoal e profissional;<\/li>\n<li>Descoberta de novas formas de a\u00e7\u00e3o;<\/li>\n<li>Revitaliza\u00e7\u00e3o funcional;<\/li>\n<li>Desenvolvimento de um Plano de A\u00e7\u00e3o;<\/li>\n<li>Conquista de Metas &amp; Objetivos;<\/li>\n<li>Revis\u00e3o do projeto de vida pessoal e profissional;<\/li>\n<\/ul>\n<\/body>","protected":false},"excerpt":{"rendered":"<p>Ou (Life Coaching)\u00a0\u00e9 orientando para a vida pessoal, aspectos como relacionamentos, planejamento, motiva\u00e7\u00e3o, comunica\u00e7\u00e3o, fam\u00edlia, auto-desenvolvimento, alcance de metas, motiva\u00e7\u00e3o, estresse, e outros\u2026 O processo [&hellip;]<\/p>\n","protected":false},"author":1,"featured_media":0,"parent":28,"menu_order":0,"comment_status":"closed","ping_status":"closed","template":"","meta":{"footnotes":""},"class_list":["post-198","page","type-page","status-publish","hentry"],"yoast_head":"<!-- This site is optimized with the Yoast SEO plugin v19.8 - https:\/\/yoast.com\/wordpress\/plugins\/seo\/ -->\n<title>Coaching de Vida - Valorvest<\/title>\n<meta name=\"robots\" content=\"index, follow, max-snippet:-1, max-image-preview:large, max-video-preview:-1\" \/>\n<link rel=\"canonical\" href=\"https:\/\/valorvest.com.br\/index.php\/coaching\/coaching-de-vida\/\" \/>\n<meta property=\"og:locale\" content=\"en_US\" \/>\n<meta property=\"og:type\" content=\"article\" \/>\n<meta property=\"og:title\" content=\"Coaching de Vida - Valorvest\" \/>\n<meta property=\"og:description\" content=\"Ou (Life Coaching)\u00a0\u00e9 orientando para a vida pessoal, aspectos como relacionamentos, planejamento, motiva\u00e7\u00e3o, comunica\u00e7\u00e3o, fam\u00edlia, auto-desenvolvimento, alcance de metas, motiva\u00e7\u00e3o, estresse, e outros\u2026 O processo [&hellip;]\" \/>\n<meta property=\"og:url\" content=\"https:\/\/valorvest.com.br\/index.php\/coaching\/coaching-de-vida\/\" \/>\n<meta property=\"og:site_name\" content=\"Valorvest\" \/>\n<meta name=\"twitter:card\" content=\"summary_large_image\" \/>\n<meta name=\"twitter:label1\" content=\"Est. reading time\" \/>\n\t<meta name=\"twitter:data1\" content=\"1 minute\" \/>\n<script type=\"application\/ld+json\" class=\"yoast-schema-graph\">{\"@context\":\"https:\/\/schema.org\",\"@graph\":[{\"@type\":\"WebPage\",\"@id\":\"https:\/\/valorvest.com.br\/index.php\/coaching\/coaching-de-vida\/\",\"url\":\"https:\/\/valorvest.com.br\/index.php\/coaching\/coaching-de-vida\/\",\"name\":\"Coaching de Vida - Valorvest\",\"isPartOf\":{\"@id\":\"https:\/\/valorvest.com.br\/#website\"},\"datePublished\":\"2015-06-01T18:02:37+00:00\",\"dateModified\":\"2015-06-01T18:02:37+00:00\",\"breadcrumb\":{\"@id\":\"https:\/\/valorvest.com.br\/index.php\/coaching\/coaching-de-vida\/#breadcrumb\"},\"inLanguage\":\"en-US\",\"potentialAction\":[{\"@type\":\"ReadAction\",\"target\":[\"https:\/\/valorvest.com.br\/index.php\/coaching\/coaching-de-vida\/\"]}]},{\"@type\":\"BreadcrumbList\",\"@id\":\"https:\/\/valorvest.com.br\/index.php\/coaching\/coaching-de-vida\/#breadcrumb\",\"itemListElement\":[{\"@type\":\"ListItem\",\"position\":1,\"name\":\"Home\",\"item\":\"https:\/\/valorvest.com.br\/\"},{\"@type\":\"ListItem\",\"position\":2,\"name\":\"Coaching\",\"item\":\"https:\/\/valorvest.com.br\/index.php\/coaching\/\"},{\"@type\":\"ListItem\",\"position\":3,\"name\":\"Coaching de Vida\"}]},{\"@type\":\"WebSite\",\"@id\":\"https:\/\/valorvest.com.br\/#website\",\"url\":\"https:\/\/valorvest.com.br\/\",\"name\":\"Valorvest\",\"description\":\"Brasil e Portugal\",\"potentialAction\":[{\"@type\":\"SearchAction\",\"target\":{\"@type\":\"EntryPoint\",\"urlTemplate\":\"https:\/\/valorvest.com.br\/?s={search_term_string}\"},\"query-input\":\"required name=search_term_string\"}],\"inLanguage\":\"en-US\"}]}<\/script>\n<!-- \/ Yoast SEO plugin. -->","yoast_head_json":{"title":"Coaching de Vida - Valorvest","robots":{"index":"index","follow":"follow","max-snippet":"max-snippet:-1","max-image-preview":"max-image-preview:large","max-video-preview":"max-video-preview:-1"},"canonical":"https:\/\/valorvest.com.br\/index.php\/coaching\/coaching-de-vida\/","og_locale":"en_US","og_type":"article","og_title":"Coaching de Vida - Valorvest","og_description":"Ou (Life Coaching)\u00a0\u00e9 orientando para a vida pessoal, aspectos como relacionamentos, planejamento, motiva\u00e7\u00e3o, comunica\u00e7\u00e3o, fam\u00edlia, auto-desenvolvimento, alcance de metas, motiva\u00e7\u00e3o, estresse, e outros\u2026 O processo [&hellip;]","og_url":"https:\/\/valorvest.com.br\/index.php\/coaching\/coaching-de-vida\/","og_site_name":"Valorvest","twitter_card":"summary_large_image","twitter_misc":{"Est. reading time":"1 minute"},"schema":{"@context":"https:\/\/schema.org","@graph":[{"@type":"WebPage","@id":"https:\/\/valorvest.com.br\/index.php\/coaching\/coaching-de-vida\/","url":"https:\/\/valorvest.com.br\/index.php\/coaching\/coaching-de-vida\/","name":"Coaching de Vida - Valorvest","isPartOf":{"@id":"https:\/\/valorvest.com.br\/#website"},"datePublished":"2015-06-01T18:02:37+00:00","dateModified":"2015-06-01T18:02:37+00:00","breadcrumb":{"@id":"https:\/\/valorvest.com.br\/index.php\/coaching\/coaching-de-vida\/#breadcrumb"},"inLanguage":"en-US","potentialAction":[{"@type":"ReadAction","target":["https:\/\/valorvest.com.br\/index.php\/coaching\/coaching-de-vida\/"]}]},{"@type":"BreadcrumbList","@id":"https:\/\/valorvest.com.br\/index.php\/coaching\/coaching-de-vida\/#breadcrumb","itemListElement":[{"@type":"ListItem","position":1,"name":"Home","item":"https:\/\/valorvest.com.br\/"},{"@type":"ListItem","position":2,"name":"Coaching","item":"https:\/\/valorvest.com.br\/index.php\/coaching\/"},{"@type":"ListItem","position":3,"name":"Coaching de Vida"}]},{"@type":"WebSite","@id":"https:\/\/valorvest.com.br\/#website","url":"https:\/\/valorvest.com.br\/","name":"Valorvest","description":"Brasil e Portugal","potentialAction":[{"@type":"SearchAction","target":{"@type":"EntryPoint","urlTemplate":"https:\/\/valorvest.com.br\/?s={search_term_string}"},"query-input":"required name=search_term_string"}],"inLanguage":"en-US"}]}},"_links":{"self":[{"href":"https:\/\/valorvest.com.br\/index.php\/wp-json\/wp\/v2\/pages\/198","targetHints":{"allow":["GET"]}}],"collection":[{"href":"https:\/\/valorvest.com.br\/index.php\/wp-json\/wp\/v2\/pages"}],"about":[{"href":"https:\/\/valorvest.com.br\/index.php\/wp-json\/wp\/v2\/types\/page"}],"author":[{"embeddable":true,"href":"https:\/\/valorvest.com.br\/index.php\/wp-json\/wp\/v2\/users\/1"}],"replies":[{"embeddable":true,"href":"https:\/\/valorvest.com.br\/index.php\/wp-json\/wp\/v2\/comments?post=198"}],"version-history":[{"count":0,"href":"https:\/\/valorvest.com.br\/index.php\/wp-json\/wp\/v2\/pages\/198\/revisions"}],"up":[{"embeddable":true,"href":"https:\/\/valorvest.com.br\/index.php\/wp-json\/wp\/v2\/pages\/28"}],"wp:attachment":[{"href":"https:\/\/valorvest.com.br\/index.php\/wp-json\/wp\/v2\/media?parent=198"}],"curies":[{"name":"wp","href":"https:\/\/api.w.org\/{rel}","templated":true}]}}