{"id":24,"date":"2014-11-17T14:20:19","date_gmt":"2014-11-17T14:20:19","guid":{"rendered":"http:\/\/dicasdevalor.com.br\/valor\/?page_id=24"},"modified":"2014-11-17T14:20:19","modified_gmt":"2014-11-17T14:20:19","slug":"avaliacoes","status":"publish","type":"page","link":"https:\/\/valorvest.com.br\/index.php\/avaliacoes\/","title":{"rendered":"Avalia\u00e7\u00f5es"},"content":{"rendered":"<body><p>A <strong>VALORVEST Gest\u00e3o Empresarial Ltda<\/strong>. \u00e9 uma empresa devidamente registrada no Conselho Regional de Economia e \u00e9 credenciada a desenvolver as atividades de avalia\u00e7\u00e3o econ\u00f4mica de empresas e im\u00f3veis, conforme disposto no par\u00e1grafo \u00fanico do Artigo 14 da Lei n\u00ba 1.411, de 13.08.51, regulamentada pelo Decreto N\u00ba 31.794, de 17\/11\/52 e Resolu\u00e7\u00f5es do Conselho Federal de Economia.<\/p>\n<p><strong>Quando a sua empresa precisa dos servi\u00e7os de Avalia\u00e7\u00e3o de Empresas?<\/strong><\/p>\n<p><strong>Compra e venda de Neg\u00f3cios\/ empresas<\/strong><\/p>\n<p>Elaboramos avalia\u00e7\u00e3o de empresas na compra e na venda de neg\u00f3cios ou empresas, mensurando o valor justo de mercado para a empresa negociada, permitindo melhores condi\u00e7\u00f5es para viabilizar a transa\u00e7\u00e3o.<\/p>\n<p><strong>\u00a0<\/strong><strong>Disputas, reorganiza\u00e7\u00f5es societ\u00e1rias ou reconhecimento de valor das cotas dos Acionistas\/s\u00f3cios<\/strong><\/p>\n<p>Identificamos e mensuramos o valor unit\u00e1rio das cotas patrimoniais dos s\u00f3cios quando da reivindica\u00e7\u00e3o, reorganiza\u00e7\u00e3o societ\u00e1ria ou por necessidade de mensura\u00e7\u00e3o de valor patrimonial para fins gerenciais.<\/p>\n<p><strong>\u00a0<\/strong><strong>Combina\u00e7\u00e3o de Neg\u00f3cios (CPC 15 \u2013 R1)<\/strong><\/p>\n<p>Nos casos quese verifique a transfer\u00eancia de controle , avaliamos os ativos ao valor justo e apropriamos o \u00e1gio por expectativa de rentabilidade futura (goodwill), atendendo as exig\u00eancias impostas pelo IFRS 03 e CPC 15.<\/p>\n<p>Nosso trabalho permite a obten\u00e7\u00e3o de maior transpar\u00eancia e independ\u00eancia na divulga\u00e7\u00e3o dos relat\u00f3rios financeiros da empresa.<\/p>\n<p><strong>\u00a0<\/strong><strong>Teste de Impairment<\/strong><\/p>\n<p>Reavalia\u00e7\u00e3o de ativos ao valor recuper\u00e1vel, atrav\u00e9s da an\u00e1lise e ajuste das proje\u00e7\u00f5es futuras de caixa, gerando maior seguran\u00e7a no reconhecimento do valor dos ativos contabilizados, respeitando a Resolu\u00e7\u00e3o CFC 1.110\/07.<\/p>\n<p><strong>\u00a0<\/strong><strong>Economia tribut\u00e1ria na amortiza\u00e7\u00e3o de \u00c1gio\/Des\u00e1gio (Emiss\u00e3o de Laudo T\u00e9cnico)<\/strong><\/p>\n<p>Emitimos Laudo t\u00e9cnico que d\u00ea suporte para o reconhecimento do \u00e1gio\/des\u00e1gio nas opera\u00e7\u00f5es.<\/p>\n<p><strong>Forma\u00e7\u00e3o de Joint Venture<\/strong><\/p>\n<p>Fornecemos e identificamos os poss\u00edveis ganhos na concretiza\u00e7\u00e3o da forma\u00e7\u00e3o da sinergias entre empresas;<\/p>\n<p><strong>\u00a0<\/strong><strong>Expans\u00e3o dos Neg\u00f3cios<\/strong><\/p>\n<p>Quantificamos e qualificamos as melhores alternativas de investimento para expans\u00e3o org\u00e2nica ou atrav\u00e9s de M&amp;A<\/p>\n<p>\u00a0<\/p>\n<p><strong>Quer saber mais?<\/strong> Envie um email com sua pergunta para <a href=\"mailto:contato@valorvest.com.br\">contato@valorvest.com.br<\/a><\/p>\n<p>Quer fazer a diferen\u00e7a, enxergar diferente e ter resultados diferentes em seu neg\u00f3cio ou em sua carreira, entre em contato.<\/p>\n<p><strong>Descubra todo seu potencial e tome o controle de seu futuro.<\/strong><\/p>\n<p><strong>Avance em sua carreira e\/ou neg\u00f3cio com todo seu potencial.<\/strong><\/p>\n<p>Sucesso!<\/p>\n<\/body>","protected":false},"excerpt":{"rendered":"<p>A VALORVEST Gest\u00e3o Empresarial Ltda. \u00e9 uma empresa devidamente registrada no Conselho Regional de Economia e \u00e9 credenciada a desenvolver as atividades de avalia\u00e7\u00e3o econ\u00f4mica [&hellip;]<\/p>\n","protected":false},"author":1,"featured_media":0,"parent":0,"menu_order":0,"comment_status":"closed","ping_status":"closed","template":"","meta":{"footnotes":""},"class_list":["post-24","page","type-page","status-publish","hentry"],"yoast_head":"<!-- This site is optimized with the Yoast SEO plugin v19.8 - https:\/\/yoast.com\/wordpress\/plugins\/seo\/ -->\n<title>Avalia\u00e7\u00f5es - Valorvest<\/title>\n<meta name=\"robots\" content=\"index, follow, max-snippet:-1, max-image-preview:large, max-video-preview:-1\" \/>\n<link rel=\"canonical\" href=\"https:\/\/valorvest.com.br\/index.php\/avaliacoes\/\" \/>\n<meta property=\"og:locale\" content=\"en_US\" \/>\n<meta property=\"og:type\" content=\"article\" \/>\n<meta property=\"og:title\" content=\"Avalia\u00e7\u00f5es - Valorvest\" \/>\n<meta property=\"og:description\" content=\"A VALORVEST Gest\u00e3o Empresarial Ltda. \u00e9 uma empresa devidamente registrada no Conselho Regional de Economia e \u00e9 credenciada a desenvolver as atividades de avalia\u00e7\u00e3o econ\u00f4mica [&hellip;]\" \/>\n<meta property=\"og:url\" content=\"https:\/\/valorvest.com.br\/index.php\/avaliacoes\/\" \/>\n<meta property=\"og:site_name\" content=\"Valorvest\" \/>\n<meta name=\"twitter:card\" content=\"summary_large_image\" \/>\n<meta name=\"twitter:label1\" content=\"Est. reading time\" \/>\n\t<meta name=\"twitter:data1\" content=\"2 minutes\" \/>\n<script type=\"application\/ld+json\" class=\"yoast-schema-graph\">{\"@context\":\"https:\/\/schema.org\",\"@graph\":[{\"@type\":\"WebPage\",\"@id\":\"https:\/\/valorvest.com.br\/index.php\/avaliacoes\/\",\"url\":\"https:\/\/valorvest.com.br\/index.php\/avaliacoes\/\",\"name\":\"Avalia\u00e7\u00f5es - Valorvest\",\"isPartOf\":{\"@id\":\"https:\/\/valorvest.com.br\/#website\"},\"datePublished\":\"2014-11-17T14:20:19+00:00\",\"dateModified\":\"2014-11-17T14:20:19+00:00\",\"breadcrumb\":{\"@id\":\"https:\/\/valorvest.com.br\/index.php\/avaliacoes\/#breadcrumb\"},\"inLanguage\":\"en-US\",\"potentialAction\":[{\"@type\":\"ReadAction\",\"target\":[\"https:\/\/valorvest.com.br\/index.php\/avaliacoes\/\"]}]},{\"@type\":\"BreadcrumbList\",\"@id\":\"https:\/\/valorvest.com.br\/index.php\/avaliacoes\/#breadcrumb\",\"itemListElement\":[{\"@type\":\"ListItem\",\"position\":1,\"name\":\"Home\",\"item\":\"https:\/\/valorvest.com.br\/\"},{\"@type\":\"ListItem\",\"position\":2,\"name\":\"Avalia\u00e7\u00f5es\"}]},{\"@type\":\"WebSite\",\"@id\":\"https:\/\/valorvest.com.br\/#website\",\"url\":\"https:\/\/valorvest.com.br\/\",\"name\":\"Valorvest\",\"description\":\"Brasil e Portugal\",\"potentialAction\":[{\"@type\":\"SearchAction\",\"target\":{\"@type\":\"EntryPoint\",\"urlTemplate\":\"https:\/\/valorvest.com.br\/?s={search_term_string}\"},\"query-input\":\"required name=search_term_string\"}],\"inLanguage\":\"en-US\"}]}<\/script>\n<!-- \/ Yoast SEO plugin. -->","yoast_head_json":{"title":"Avalia\u00e7\u00f5es - Valorvest","robots":{"index":"index","follow":"follow","max-snippet":"max-snippet:-1","max-image-preview":"max-image-preview:large","max-video-preview":"max-video-preview:-1"},"canonical":"https:\/\/valorvest.com.br\/index.php\/avaliacoes\/","og_locale":"en_US","og_type":"article","og_title":"Avalia\u00e7\u00f5es - Valorvest","og_description":"A VALORVEST Gest\u00e3o Empresarial Ltda. \u00e9 uma empresa devidamente registrada no Conselho Regional de Economia e \u00e9 credenciada a desenvolver as atividades de avalia\u00e7\u00e3o econ\u00f4mica [&hellip;]","og_url":"https:\/\/valorvest.com.br\/index.php\/avaliacoes\/","og_site_name":"Valorvest","twitter_card":"summary_large_image","twitter_misc":{"Est. reading time":"2 minutes"},"schema":{"@context":"https:\/\/schema.org","@graph":[{"@type":"WebPage","@id":"https:\/\/valorvest.com.br\/index.php\/avaliacoes\/","url":"https:\/\/valorvest.com.br\/index.php\/avaliacoes\/","name":"Avalia\u00e7\u00f5es - Valorvest","isPartOf":{"@id":"https:\/\/valorvest.com.br\/#website"},"datePublished":"2014-11-17T14:20:19+00:00","dateModified":"2014-11-17T14:20:19+00:00","breadcrumb":{"@id":"https:\/\/valorvest.com.br\/index.php\/avaliacoes\/#breadcrumb"},"inLanguage":"en-US","potentialAction":[{"@type":"ReadAction","target":["https:\/\/valorvest.com.br\/index.php\/avaliacoes\/"]}]},{"@type":"BreadcrumbList","@id":"https:\/\/valorvest.com.br\/index.php\/avaliacoes\/#breadcrumb","itemListElement":[{"@type":"ListItem","position":1,"name":"Home","item":"https:\/\/valorvest.com.br\/"},{"@type":"ListItem","position":2,"name":"Avalia\u00e7\u00f5es"}]},{"@type":"WebSite","@id":"https:\/\/valorvest.com.br\/#website","url":"https:\/\/valorvest.com.br\/","name":"Valorvest","description":"Brasil e Portugal","potentialAction":[{"@type":"SearchAction","target":{"@type":"EntryPoint","urlTemplate":"https:\/\/valorvest.com.br\/?s={search_term_string}"},"query-input":"required name=search_term_string"}],"inLanguage":"en-US"}]}},"_links":{"self":[{"href":"https:\/\/valorvest.com.br\/index.php\/wp-json\/wp\/v2\/pages\/24","targetHints":{"allow":["GET"]}}],"collection":[{"href":"https:\/\/valorvest.com.br\/index.php\/wp-json\/wp\/v2\/pages"}],"about":[{"href":"https:\/\/valorvest.com.br\/index.php\/wp-json\/wp\/v2\/types\/page"}],"author":[{"embeddable":true,"href":"https:\/\/valorvest.com.br\/index.php\/wp-json\/wp\/v2\/users\/1"}],"replies":[{"embeddable":true,"href":"https:\/\/valorvest.com.br\/index.php\/wp-json\/wp\/v2\/comments?post=24"}],"version-history":[{"count":0,"href":"https:\/\/valorvest.com.br\/index.php\/wp-json\/wp\/v2\/pages\/24\/revisions"}],"wp:attachment":[{"href":"https:\/\/valorvest.com.br\/index.php\/wp-json\/wp\/v2\/media?parent=24"}],"curies":[{"name":"wp","href":"https:\/\/api.w.org\/{rel}","templated":true}]}}