{"id":36,"date":"2014-11-17T14:29:37","date_gmt":"2014-11-17T14:29:37","guid":{"rendered":"http:\/\/dicasdevalor.com.br\/valor\/?page_id=36"},"modified":"2014-11-17T14:29:37","modified_gmt":"2014-11-17T14:29:37","slug":"planejamento-estrategico","status":"publish","type":"page","link":"https:\/\/valorvest.com.br\/index.php\/planejamento-estrategico\/","title":{"rendered":"PLANEJAMENTO ESTRAT\u00c9GICO"},"content":{"rendered":"<body><p class=\"style3\" align=\"justify\">Em dias de neg\u00f3cios globalizados, n\u00e3o basta acompanhar os fatos pelos cadernos de economia dos jornais. O sucesso e o fracasso na condu\u00e7\u00e3o dos neg\u00f3cios vir\u00e1 do bom entendimento das mudan\u00e7as nos cen\u00e1rios da economia brasileira e a previs\u00e3o do comportamento das vari\u00e1veis econ\u00f4micas e pol\u00edticas. A\u00a0VALORVEST adiciona valor aos neg\u00f3cios de seus clientes oferecendo an\u00e1lises objetivas e independentes sobre o ambiente econ\u00f4mico e pol\u00edtico em que eles atuam:<\/p>\n<p class=\"style3\" align=\"justify\"><strong><strong>Atividade Econ\u00f4mica<\/strong><\/strong><\/p>\n<p class=\"style3\" align=\"justify\">Previs\u00f5es sobre o comportamento da atividade econ\u00f4mica em geral e do mercado de atua\u00e7\u00e3o de cada cliente, em particular, com base em amplo banco de dados, profissionais especializados em an\u00e1lises estat\u00edsticas e modernas t\u00e9cnicas de proje\u00e7\u00e3o com base em modelos econom\u00e9tricos.<\/p>\n<p class=\"style3\" align=\"justify\"><strong>Administra\u00e7\u00e3o Financeira<\/strong><\/p>\n<p class=\"style3\" align=\"justify\">Apoio em quest\u00f5es que envolvem o entendimento das flutua\u00e7\u00f5es do c\u00e2mbio e dos juros, a escolha do momento adequado para fazer ou desfazer o hedge para um compromisso externo ou do pr\u00f3prio patrim\u00f4nio l\u00edquido, otimiza\u00e7\u00e3o da rentabilidade do dispon\u00edvel da empresa e muitas outras<\/p>\n<p class=\"style3\" align=\"justify\"><strong>Cen\u00e1rios de longo prazo para o planejamento estrat\u00e9gico<\/strong><\/p>\n<p class=\"style3\" align=\"justify\">Constru\u00e7\u00e3o de cen\u00e1rios econ\u00f4micos e pol\u00edticos de longo prazo, abrangendo o quadro nacional e internacional, ou focados no setor de neg\u00f3cios dos clientes. A partir dos cen\u00e1rios, as empresas podem dedicar-se ao planejamento de a\u00e7\u00f5es para enfrentar poss\u00edveis situa\u00e7\u00f5es futuras que possam afetar seus neg\u00f3cios.<\/p>\n<p>\u00a0<\/p>\n<\/body>","protected":false},"excerpt":{"rendered":"<p>Em dias de neg\u00f3cios globalizados, n\u00e3o basta acompanhar os fatos pelos cadernos de economia dos jornais. O sucesso e o fracasso na condu\u00e7\u00e3o dos neg\u00f3cios [&hellip;]<\/p>\n","protected":false},"author":1,"featured_media":0,"parent":0,"menu_order":0,"comment_status":"closed","ping_status":"closed","template":"","meta":{"footnotes":""},"class_list":["post-36","page","type-page","status-publish","hentry"],"yoast_head":"<!-- This site is optimized with the Yoast SEO plugin v19.8 - https:\/\/yoast.com\/wordpress\/plugins\/seo\/ -->\n<title>PLANEJAMENTO ESTRAT\u00c9GICO - Valorvest<\/title>\n<meta name=\"robots\" content=\"index, follow, max-snippet:-1, max-image-preview:large, max-video-preview:-1\" \/>\n<link rel=\"canonical\" href=\"https:\/\/valorvest.com.br\/index.php\/planejamento-estrategico\/\" \/>\n<meta property=\"og:locale\" content=\"en_US\" \/>\n<meta property=\"og:type\" content=\"article\" \/>\n<meta property=\"og:title\" content=\"PLANEJAMENTO ESTRAT\u00c9GICO - Valorvest\" \/>\n<meta property=\"og:description\" content=\"Em dias de neg\u00f3cios globalizados, n\u00e3o basta acompanhar os fatos pelos cadernos de economia dos jornais. O sucesso e o fracasso na condu\u00e7\u00e3o dos neg\u00f3cios [&hellip;]\" \/>\n<meta property=\"og:url\" content=\"https:\/\/valorvest.com.br\/index.php\/planejamento-estrategico\/\" \/>\n<meta property=\"og:site_name\" content=\"Valorvest\" \/>\n<meta name=\"twitter:card\" content=\"summary_large_image\" \/>\n<meta name=\"twitter:label1\" content=\"Est. reading time\" \/>\n\t<meta name=\"twitter:data1\" content=\"1 minute\" \/>\n<script type=\"application\/ld+json\" class=\"yoast-schema-graph\">{\"@context\":\"https:\/\/schema.org\",\"@graph\":[{\"@type\":\"WebPage\",\"@id\":\"https:\/\/valorvest.com.br\/index.php\/planejamento-estrategico\/\",\"url\":\"https:\/\/valorvest.com.br\/index.php\/planejamento-estrategico\/\",\"name\":\"PLANEJAMENTO ESTRAT\u00c9GICO - Valorvest\",\"isPartOf\":{\"@id\":\"https:\/\/valorvest.com.br\/#website\"},\"datePublished\":\"2014-11-17T14:29:37+00:00\",\"dateModified\":\"2014-11-17T14:29:37+00:00\",\"breadcrumb\":{\"@id\":\"https:\/\/valorvest.com.br\/index.php\/planejamento-estrategico\/#breadcrumb\"},\"inLanguage\":\"en-US\",\"potentialAction\":[{\"@type\":\"ReadAction\",\"target\":[\"https:\/\/valorvest.com.br\/index.php\/planejamento-estrategico\/\"]}]},{\"@type\":\"BreadcrumbList\",\"@id\":\"https:\/\/valorvest.com.br\/index.php\/planejamento-estrategico\/#breadcrumb\",\"itemListElement\":[{\"@type\":\"ListItem\",\"position\":1,\"name\":\"Home\",\"item\":\"https:\/\/valorvest.com.br\/\"},{\"@type\":\"ListItem\",\"position\":2,\"name\":\"PLANEJAMENTO ESTRAT\u00c9GICO\"}]},{\"@type\":\"WebSite\",\"@id\":\"https:\/\/valorvest.com.br\/#website\",\"url\":\"https:\/\/valorvest.com.br\/\",\"name\":\"Valorvest\",\"description\":\"Brasil e Portugal\",\"potentialAction\":[{\"@type\":\"SearchAction\",\"target\":{\"@type\":\"EntryPoint\",\"urlTemplate\":\"https:\/\/valorvest.com.br\/?s={search_term_string}\"},\"query-input\":\"required name=search_term_string\"}],\"inLanguage\":\"en-US\"}]}<\/script>\n<!-- \/ Yoast SEO plugin. -->","yoast_head_json":{"title":"PLANEJAMENTO ESTRAT\u00c9GICO - Valorvest","robots":{"index":"index","follow":"follow","max-snippet":"max-snippet:-1","max-image-preview":"max-image-preview:large","max-video-preview":"max-video-preview:-1"},"canonical":"https:\/\/valorvest.com.br\/index.php\/planejamento-estrategico\/","og_locale":"en_US","og_type":"article","og_title":"PLANEJAMENTO ESTRAT\u00c9GICO - Valorvest","og_description":"Em dias de neg\u00f3cios globalizados, n\u00e3o basta acompanhar os fatos pelos cadernos de economia dos jornais. O sucesso e o fracasso na condu\u00e7\u00e3o dos neg\u00f3cios [&hellip;]","og_url":"https:\/\/valorvest.com.br\/index.php\/planejamento-estrategico\/","og_site_name":"Valorvest","twitter_card":"summary_large_image","twitter_misc":{"Est. reading time":"1 minute"},"schema":{"@context":"https:\/\/schema.org","@graph":[{"@type":"WebPage","@id":"https:\/\/valorvest.com.br\/index.php\/planejamento-estrategico\/","url":"https:\/\/valorvest.com.br\/index.php\/planejamento-estrategico\/","name":"PLANEJAMENTO ESTRAT\u00c9GICO - Valorvest","isPartOf":{"@id":"https:\/\/valorvest.com.br\/#website"},"datePublished":"2014-11-17T14:29:37+00:00","dateModified":"2014-11-17T14:29:37+00:00","breadcrumb":{"@id":"https:\/\/valorvest.com.br\/index.php\/planejamento-estrategico\/#breadcrumb"},"inLanguage":"en-US","potentialAction":[{"@type":"ReadAction","target":["https:\/\/valorvest.com.br\/index.php\/planejamento-estrategico\/"]}]},{"@type":"BreadcrumbList","@id":"https:\/\/valorvest.com.br\/index.php\/planejamento-estrategico\/#breadcrumb","itemListElement":[{"@type":"ListItem","position":1,"name":"Home","item":"https:\/\/valorvest.com.br\/"},{"@type":"ListItem","position":2,"name":"PLANEJAMENTO ESTRAT\u00c9GICO"}]},{"@type":"WebSite","@id":"https:\/\/valorvest.com.br\/#website","url":"https:\/\/valorvest.com.br\/","name":"Valorvest","description":"Brasil e Portugal","potentialAction":[{"@type":"SearchAction","target":{"@type":"EntryPoint","urlTemplate":"https:\/\/valorvest.com.br\/?s={search_term_string}"},"query-input":"required name=search_term_string"}],"inLanguage":"en-US"}]}},"_links":{"self":[{"href":"https:\/\/valorvest.com.br\/index.php\/wp-json\/wp\/v2\/pages\/36","targetHints":{"allow":["GET"]}}],"collection":[{"href":"https:\/\/valorvest.com.br\/index.php\/wp-json\/wp\/v2\/pages"}],"about":[{"href":"https:\/\/valorvest.com.br\/index.php\/wp-json\/wp\/v2\/types\/page"}],"author":[{"embeddable":true,"href":"https:\/\/valorvest.com.br\/index.php\/wp-json\/wp\/v2\/users\/1"}],"replies":[{"embeddable":true,"href":"https:\/\/valorvest.com.br\/index.php\/wp-json\/wp\/v2\/comments?post=36"}],"version-history":[{"count":0,"href":"https:\/\/valorvest.com.br\/index.php\/wp-json\/wp\/v2\/pages\/36\/revisions"}],"wp:attachment":[{"href":"https:\/\/valorvest.com.br\/index.php\/wp-json\/wp\/v2\/media?parent=36"}],"curies":[{"name":"wp","href":"https:\/\/api.w.org\/{rel}","templated":true}]}}