{"id":59,"date":"2014-11-17T14:54:02","date_gmt":"2014-11-17T14:54:02","guid":{"rendered":"http:\/\/dicasdevalor.com.br\/valor\/?page_id=59"},"modified":"2014-11-17T14:54:02","modified_gmt":"2014-11-17T14:54:02","slug":"treinamentos","status":"publish","type":"page","link":"https:\/\/valorvest.com.br\/index.php\/treinamentos\/","title":{"rendered":"Treinamentos"},"content":{"rendered":"<body><h1><strong>Treinamentos in Company<\/strong><\/h1>\n<p>Prepara\u00e7\u00e3o e realiza\u00e7\u00e3o de cursos, semin\u00e1rios e workshops de acordo com as necessidades espec\u00edficas e ramo de atividade de cada empresa. Ministrados na pr\u00f3pria empresa ou em local selecionado pelo cliente.<\/p>\n<h2><strong>Palestras<\/strong><\/h2>\n<ul>\n<li><strong>Economia mundial: impactos nos seus neg\u00f3cios;<\/strong><\/li>\n<li><strong>Desafios e Oportunidades dos Neg\u00f3cios;<\/strong><\/li>\n<li><strong>Construindo o futuro: setor imobili\u00e1rio frente os desafios econ\u00f4micos;<\/strong><\/li>\n<li><strong>Oportunidades do Brasil em turismo e infraestrutura;<\/strong><\/li>\n<li><strong>Oportunidades e desafios para o Brasil;<\/strong><\/li>\n<li><strong>Educa\u00e7\u00e3o: a chave para o futuro;<\/strong><\/li>\n<li><strong>O Brasil de nossos governantes.<\/strong><\/li>\n<\/ul>\n<h2><strong>Cursos<\/strong><\/h2>\n<ul>\n<li><strong>T\u00e9cnicas de Vendas e Atendimento<\/strong><\/li>\n<li><strong>Trabalho em Equipe e Team Coaching<\/strong><\/li>\n<li><strong>Negocia\u00e7\u00e3o Estrat\u00e9gica<\/strong><\/li>\n<li><strong>Lideran\u00e7a Eficaz e Coach<\/strong><\/li>\n<li><strong>Gest\u00e3o do Tempo<\/strong><\/li>\n<li><strong>Vendas Consultivas<\/strong><\/li>\n<li><strong>Incentivo das Equipes<\/strong><\/li>\n<li><strong>Coaching<\/strong><\/li>\n<li><strong>Gest\u00e3o do Tempo<\/strong><\/li>\n<li><strong>Comunica\u00e7\u00e3o e Relacionamento Interpessoal<\/strong><\/li>\n<li><strong>Administra\u00e7\u00e3o de Conflitos<\/strong><\/li>\n<li><strong>Atitude para Mudan\u00e7a<\/strong><\/li>\n<li><strong>Autoconhecimento<\/strong><\/li>\n<li><strong>Delega\u00e7\u00e3o, Decis\u00e3o e Feedback<\/strong><\/li>\n<\/ul>\n<p>\u00a0<\/p>\n<\/body>","protected":false},"excerpt":{"rendered":"<p>Treinamentos in Company Prepara\u00e7\u00e3o e realiza\u00e7\u00e3o de cursos, semin\u00e1rios e workshops de acordo com as necessidades espec\u00edficas e ramo de atividade de cada empresa. Ministrados [&hellip;]<\/p>\n","protected":false},"author":1,"featured_media":0,"parent":0,"menu_order":0,"comment_status":"closed","ping_status":"closed","template":"","meta":{"footnotes":""},"class_list":["post-59","page","type-page","status-publish","hentry"],"yoast_head":"<!-- This site is optimized with the Yoast SEO plugin v19.8 - https:\/\/yoast.com\/wordpress\/plugins\/seo\/ -->\n<title>Treinamentos - Valorvest<\/title>\n<meta name=\"robots\" content=\"index, follow, max-snippet:-1, max-image-preview:large, max-video-preview:-1\" \/>\n<link rel=\"canonical\" href=\"https:\/\/valorvest.com.br\/index.php\/treinamentos\/\" \/>\n<meta property=\"og:locale\" content=\"en_US\" \/>\n<meta property=\"og:type\" content=\"article\" \/>\n<meta property=\"og:title\" content=\"Treinamentos - Valorvest\" \/>\n<meta property=\"og:description\" content=\"Treinamentos in Company Prepara\u00e7\u00e3o e realiza\u00e7\u00e3o de cursos, semin\u00e1rios e workshops de acordo com as necessidades espec\u00edficas e ramo de atividade de cada empresa. Ministrados [&hellip;]\" \/>\n<meta property=\"og:url\" content=\"https:\/\/valorvest.com.br\/index.php\/treinamentos\/\" \/>\n<meta property=\"og:site_name\" content=\"Valorvest\" \/>\n<meta name=\"twitter:card\" content=\"summary_large_image\" \/>\n<meta name=\"twitter:label1\" content=\"Est. reading time\" \/>\n\t<meta name=\"twitter:data1\" content=\"1 minute\" \/>\n<script type=\"application\/ld+json\" class=\"yoast-schema-graph\">{\"@context\":\"https:\/\/schema.org\",\"@graph\":[{\"@type\":\"WebPage\",\"@id\":\"https:\/\/valorvest.com.br\/index.php\/treinamentos\/\",\"url\":\"https:\/\/valorvest.com.br\/index.php\/treinamentos\/\",\"name\":\"Treinamentos - Valorvest\",\"isPartOf\":{\"@id\":\"https:\/\/valorvest.com.br\/#website\"},\"datePublished\":\"2014-11-17T14:54:02+00:00\",\"dateModified\":\"2014-11-17T14:54:02+00:00\",\"breadcrumb\":{\"@id\":\"https:\/\/valorvest.com.br\/index.php\/treinamentos\/#breadcrumb\"},\"inLanguage\":\"en-US\",\"potentialAction\":[{\"@type\":\"ReadAction\",\"target\":[\"https:\/\/valorvest.com.br\/index.php\/treinamentos\/\"]}]},{\"@type\":\"BreadcrumbList\",\"@id\":\"https:\/\/valorvest.com.br\/index.php\/treinamentos\/#breadcrumb\",\"itemListElement\":[{\"@type\":\"ListItem\",\"position\":1,\"name\":\"Home\",\"item\":\"https:\/\/valorvest.com.br\/\"},{\"@type\":\"ListItem\",\"position\":2,\"name\":\"Treinamentos\"}]},{\"@type\":\"WebSite\",\"@id\":\"https:\/\/valorvest.com.br\/#website\",\"url\":\"https:\/\/valorvest.com.br\/\",\"name\":\"Valorvest\",\"description\":\"Brasil e Portugal\",\"potentialAction\":[{\"@type\":\"SearchAction\",\"target\":{\"@type\":\"EntryPoint\",\"urlTemplate\":\"https:\/\/valorvest.com.br\/?s={search_term_string}\"},\"query-input\":\"required name=search_term_string\"}],\"inLanguage\":\"en-US\"}]}<\/script>\n<!-- \/ Yoast SEO plugin. -->","yoast_head_json":{"title":"Treinamentos - Valorvest","robots":{"index":"index","follow":"follow","max-snippet":"max-snippet:-1","max-image-preview":"max-image-preview:large","max-video-preview":"max-video-preview:-1"},"canonical":"https:\/\/valorvest.com.br\/index.php\/treinamentos\/","og_locale":"en_US","og_type":"article","og_title":"Treinamentos - Valorvest","og_description":"Treinamentos in Company Prepara\u00e7\u00e3o e realiza\u00e7\u00e3o de cursos, semin\u00e1rios e workshops de acordo com as necessidades espec\u00edficas e ramo de atividade de cada empresa. Ministrados [&hellip;]","og_url":"https:\/\/valorvest.com.br\/index.php\/treinamentos\/","og_site_name":"Valorvest","twitter_card":"summary_large_image","twitter_misc":{"Est. reading time":"1 minute"},"schema":{"@context":"https:\/\/schema.org","@graph":[{"@type":"WebPage","@id":"https:\/\/valorvest.com.br\/index.php\/treinamentos\/","url":"https:\/\/valorvest.com.br\/index.php\/treinamentos\/","name":"Treinamentos - Valorvest","isPartOf":{"@id":"https:\/\/valorvest.com.br\/#website"},"datePublished":"2014-11-17T14:54:02+00:00","dateModified":"2014-11-17T14:54:02+00:00","breadcrumb":{"@id":"https:\/\/valorvest.com.br\/index.php\/treinamentos\/#breadcrumb"},"inLanguage":"en-US","potentialAction":[{"@type":"ReadAction","target":["https:\/\/valorvest.com.br\/index.php\/treinamentos\/"]}]},{"@type":"BreadcrumbList","@id":"https:\/\/valorvest.com.br\/index.php\/treinamentos\/#breadcrumb","itemListElement":[{"@type":"ListItem","position":1,"name":"Home","item":"https:\/\/valorvest.com.br\/"},{"@type":"ListItem","position":2,"name":"Treinamentos"}]},{"@type":"WebSite","@id":"https:\/\/valorvest.com.br\/#website","url":"https:\/\/valorvest.com.br\/","name":"Valorvest","description":"Brasil e Portugal","potentialAction":[{"@type":"SearchAction","target":{"@type":"EntryPoint","urlTemplate":"https:\/\/valorvest.com.br\/?s={search_term_string}"},"query-input":"required name=search_term_string"}],"inLanguage":"en-US"}]}},"_links":{"self":[{"href":"https:\/\/valorvest.com.br\/index.php\/wp-json\/wp\/v2\/pages\/59","targetHints":{"allow":["GET"]}}],"collection":[{"href":"https:\/\/valorvest.com.br\/index.php\/wp-json\/wp\/v2\/pages"}],"about":[{"href":"https:\/\/valorvest.com.br\/index.php\/wp-json\/wp\/v2\/types\/page"}],"author":[{"embeddable":true,"href":"https:\/\/valorvest.com.br\/index.php\/wp-json\/wp\/v2\/users\/1"}],"replies":[{"embeddable":true,"href":"https:\/\/valorvest.com.br\/index.php\/wp-json\/wp\/v2\/comments?post=59"}],"version-history":[{"count":0,"href":"https:\/\/valorvest.com.br\/index.php\/wp-json\/wp\/v2\/pages\/59\/revisions"}],"wp:attachment":[{"href":"https:\/\/valorvest.com.br\/index.php\/wp-json\/wp\/v2\/media?parent=59"}],"curies":[{"name":"wp","href":"https:\/\/api.w.org\/{rel}","templated":true}]}}