{"id":94,"date":"2014-11-17T17:32:26","date_gmt":"2014-11-17T17:32:26","guid":{"rendered":"http:\/\/dicasdevalor.com.br\/valor\/?page_id=94"},"modified":"2014-11-17T17:32:26","modified_gmt":"2014-11-17T17:32:26","slug":"quem-somos","status":"publish","type":"page","link":"https:\/\/valorvest.com.br\/index.php\/quem-somos\/","title":{"rendered":"Quem Somos"},"content":{"rendered":"<body><p>A\u00a0<strong>VALORVEST<\/strong> foi constitu\u00edda em 16 de agosto de 2002, a partir da percep\u00e7\u00e3o de que inexistia oferta de trabalhos de alto n\u00edvel t\u00e9cnico a pre\u00e7os competitivos orientados para o segmento de pequenos e m\u00e9dios neg\u00f3cios, nas \u00e1reas de gest\u00e3o empresarial, governan\u00e7a corporativa, auditoria, consultoria cont\u00e1bil e tribut\u00e1ria.<\/p>\n<p>A id\u00e9ia foi utilizar os conhecimentos dos fundadores e seus consultores associados, adquiridos em grandes empresas de consultoria e auditoria, para ofertar servi\u00e7os de alto valor agregado, com a cobran\u00e7a de honor\u00e1rios compat\u00edveis com o nicho de mercado a ser atingido, com uma qualidade de atendimento e foco na satisfa\u00e7\u00e3o plena das necessidades dos clientes.<\/p>\n<p>Com a experi\u00eancia e credibilidade a <strong>VALORVEST <\/strong>disponibiliza, para sua empresa, solu\u00e7\u00f5es corporativas de alto desempenho t\u00e9cnico e pr\u00e1tico. Tendo como foco a maximiza\u00e7\u00e3o dos resultados, os trabalhos realizados pela <strong>VALORVEST <\/strong>s\u00e3o elaborados com uma vis\u00e3o cr\u00edtica e minuciosa.<\/p>\n<p>A <strong>VALORVEST <\/strong>oferece um novo caminho, contando com uma equipe de profissionais especializados em avaliar os riscos e apontar as melhores oportunidades para seu neg\u00f3cio.<\/p>\n<p>Com decis\u00f5es focadas sempre na evolu\u00e7\u00e3o dos resultados, a equipe de profissionais <strong>VALORVEST <\/strong>est\u00e1 devidamente registrada junto aos principais \u00f3rg\u00e3os de controle da profiss\u00e3o, o que a torna a parceira ideal para empresas que n\u00e3o abrem m\u00e3o de estarem sempre \u00e0 frente num mercado altamente competitivo.<\/p>\n<\/body>","protected":false},"excerpt":{"rendered":"<p>A\u00a0VALORVEST foi constitu\u00edda em 16 de agosto de 2002, a partir da percep\u00e7\u00e3o de que inexistia oferta de trabalhos de alto n\u00edvel t\u00e9cnico a pre\u00e7os [&hellip;]<\/p>\n","protected":false},"author":1,"featured_media":0,"parent":0,"menu_order":0,"comment_status":"closed","ping_status":"closed","template":"","meta":{"footnotes":""},"class_list":["post-94","page","type-page","status-publish","hentry"],"yoast_head":"<!-- This site is optimized with the Yoast SEO plugin v19.8 - https:\/\/yoast.com\/wordpress\/plugins\/seo\/ -->\n<title>Quem Somos - Valorvest<\/title>\n<meta name=\"robots\" content=\"index, follow, max-snippet:-1, max-image-preview:large, max-video-preview:-1\" \/>\n<link rel=\"canonical\" href=\"https:\/\/valorvest.com.br\/index.php\/quem-somos\/\" \/>\n<meta property=\"og:locale\" content=\"en_US\" \/>\n<meta property=\"og:type\" content=\"article\" \/>\n<meta property=\"og:title\" content=\"Quem Somos - Valorvest\" \/>\n<meta property=\"og:description\" content=\"A\u00a0VALORVEST foi constitu\u00edda em 16 de agosto de 2002, a partir da percep\u00e7\u00e3o de que inexistia oferta de trabalhos de alto n\u00edvel t\u00e9cnico a pre\u00e7os [&hellip;]\" \/>\n<meta property=\"og:url\" content=\"https:\/\/valorvest.com.br\/index.php\/quem-somos\/\" \/>\n<meta property=\"og:site_name\" content=\"Valorvest\" \/>\n<meta name=\"twitter:card\" content=\"summary_large_image\" \/>\n<meta name=\"twitter:label1\" content=\"Est. reading time\" \/>\n\t<meta name=\"twitter:data1\" content=\"1 minute\" \/>\n<script type=\"application\/ld+json\" class=\"yoast-schema-graph\">{\"@context\":\"https:\/\/schema.org\",\"@graph\":[{\"@type\":\"WebPage\",\"@id\":\"https:\/\/valorvest.com.br\/index.php\/quem-somos\/\",\"url\":\"https:\/\/valorvest.com.br\/index.php\/quem-somos\/\",\"name\":\"Quem Somos - Valorvest\",\"isPartOf\":{\"@id\":\"https:\/\/valorvest.com.br\/#website\"},\"datePublished\":\"2014-11-17T17:32:26+00:00\",\"dateModified\":\"2014-11-17T17:32:26+00:00\",\"breadcrumb\":{\"@id\":\"https:\/\/valorvest.com.br\/index.php\/quem-somos\/#breadcrumb\"},\"inLanguage\":\"en-US\",\"potentialAction\":[{\"@type\":\"ReadAction\",\"target\":[\"https:\/\/valorvest.com.br\/index.php\/quem-somos\/\"]}]},{\"@type\":\"BreadcrumbList\",\"@id\":\"https:\/\/valorvest.com.br\/index.php\/quem-somos\/#breadcrumb\",\"itemListElement\":[{\"@type\":\"ListItem\",\"position\":1,\"name\":\"Home\",\"item\":\"https:\/\/valorvest.com.br\/\"},{\"@type\":\"ListItem\",\"position\":2,\"name\":\"Quem Somos\"}]},{\"@type\":\"WebSite\",\"@id\":\"https:\/\/valorvest.com.br\/#website\",\"url\":\"https:\/\/valorvest.com.br\/\",\"name\":\"Valorvest\",\"description\":\"Brasil e Portugal\",\"potentialAction\":[{\"@type\":\"SearchAction\",\"target\":{\"@type\":\"EntryPoint\",\"urlTemplate\":\"https:\/\/valorvest.com.br\/?s={search_term_string}\"},\"query-input\":\"required name=search_term_string\"}],\"inLanguage\":\"en-US\"}]}<\/script>\n<!-- \/ Yoast SEO plugin. -->","yoast_head_json":{"title":"Quem Somos - Valorvest","robots":{"index":"index","follow":"follow","max-snippet":"max-snippet:-1","max-image-preview":"max-image-preview:large","max-video-preview":"max-video-preview:-1"},"canonical":"https:\/\/valorvest.com.br\/index.php\/quem-somos\/","og_locale":"en_US","og_type":"article","og_title":"Quem Somos - Valorvest","og_description":"A\u00a0VALORVEST foi constitu\u00edda em 16 de agosto de 2002, a partir da percep\u00e7\u00e3o de que inexistia oferta de trabalhos de alto n\u00edvel t\u00e9cnico a pre\u00e7os [&hellip;]","og_url":"https:\/\/valorvest.com.br\/index.php\/quem-somos\/","og_site_name":"Valorvest","twitter_card":"summary_large_image","twitter_misc":{"Est. reading time":"1 minute"},"schema":{"@context":"https:\/\/schema.org","@graph":[{"@type":"WebPage","@id":"https:\/\/valorvest.com.br\/index.php\/quem-somos\/","url":"https:\/\/valorvest.com.br\/index.php\/quem-somos\/","name":"Quem Somos - Valorvest","isPartOf":{"@id":"https:\/\/valorvest.com.br\/#website"},"datePublished":"2014-11-17T17:32:26+00:00","dateModified":"2014-11-17T17:32:26+00:00","breadcrumb":{"@id":"https:\/\/valorvest.com.br\/index.php\/quem-somos\/#breadcrumb"},"inLanguage":"en-US","potentialAction":[{"@type":"ReadAction","target":["https:\/\/valorvest.com.br\/index.php\/quem-somos\/"]}]},{"@type":"BreadcrumbList","@id":"https:\/\/valorvest.com.br\/index.php\/quem-somos\/#breadcrumb","itemListElement":[{"@type":"ListItem","position":1,"name":"Home","item":"https:\/\/valorvest.com.br\/"},{"@type":"ListItem","position":2,"name":"Quem Somos"}]},{"@type":"WebSite","@id":"https:\/\/valorvest.com.br\/#website","url":"https:\/\/valorvest.com.br\/","name":"Valorvest","description":"Brasil e Portugal","potentialAction":[{"@type":"SearchAction","target":{"@type":"EntryPoint","urlTemplate":"https:\/\/valorvest.com.br\/?s={search_term_string}"},"query-input":"required name=search_term_string"}],"inLanguage":"en-US"}]}},"_links":{"self":[{"href":"https:\/\/valorvest.com.br\/index.php\/wp-json\/wp\/v2\/pages\/94","targetHints":{"allow":["GET"]}}],"collection":[{"href":"https:\/\/valorvest.com.br\/index.php\/wp-json\/wp\/v2\/pages"}],"about":[{"href":"https:\/\/valorvest.com.br\/index.php\/wp-json\/wp\/v2\/types\/page"}],"author":[{"embeddable":true,"href":"https:\/\/valorvest.com.br\/index.php\/wp-json\/wp\/v2\/users\/1"}],"replies":[{"embeddable":true,"href":"https:\/\/valorvest.com.br\/index.php\/wp-json\/wp\/v2\/comments?post=94"}],"version-history":[{"count":0,"href":"https:\/\/valorvest.com.br\/index.php\/wp-json\/wp\/v2\/pages\/94\/revisions"}],"wp:attachment":[{"href":"https:\/\/valorvest.com.br\/index.php\/wp-json\/wp\/v2\/media?parent=94"}],"curies":[{"name":"wp","href":"https:\/\/api.w.org\/{rel}","templated":true}]}}